{"id":1184,"date":"2024-11-08T11:39:54","date_gmt":"2024-11-08T10:39:54","guid":{"rendered":"https:\/\/eleophotography.com\/?page_id=1184"},"modified":"2025-12-06T11:30:47","modified_gmt":"2025-12-06T10:30:47","slug":"seance-photo","status":"publish","type":"page","link":"https:\/\/eleophotography.com\/index.php\/seance-photo\/","title":{"rendered":"Reportages photos"},"content":{"rendered":"<div class=\"wpb-content-wrapper\"><p>[vc_row][vc_column][wiso_headings style=\u00a0\u00bbsimple\u00a0\u00bb title=\u00a0\u00bbReportages photos\u00a0\u00bb subtitle=\u00a0\u00bbEt si c&rsquo;\u00e9tait vos souvenirs photos &#8230;\u00a0\u00bb][vc_empty_space][\/vc_column][\/vc_row][vc_row][vc_column][wiso_pages_gallery pages=\u00a0\u00bb%5B%7B%22image%22%3A%221255%22%2C%22button%22%3A%22url%3Ahttps%253A%252F%252Feleophotography.com%252Findex.php%252Fseance-photo%252Fportrait-en-lumiere-naturelle%252F%7Ctitle%3APortrait%2520en%2520lumi%25C3%25A8re%2520naturelle%22%7D%2C%7B%22image%22%3A%221197%22%2C%22button%22%3A%22url%3Ahttps%253A%252F%252Feleophotography.com%252Findex.php%252Fseance-photo%252Fmarine-olympe%252F%7Ctitle%3AChat%22%7D%5D\u00a0\u00bb][vc_empty_space][\/vc_column][\/vc_row][vc_row][vc_column][wiso_headings style=\u00a0\u00bbsimple\u00a0\u00bb subtitle=\u00a0\u00bbVotre profession, mon regard : des images qui r\u00e9v\u00e8lent toute la passion et la pr\u00e9cision de votre m\u00e9tier.\u00a0\u00bb][wiso_headings style=\u00a0\u00bbsimple\u00a0\u00bb subtitle=\u00a0\u00bbCette approche narrative et authentique de la photographie consiste \u00e0 capturer avec authenticit\u00e9 et pr\u00e9cision les gestes, les outils, les environnements et la passion qui d\u00e9finissent un savoir-faire.\u00a0\u00bb][vc_empty_space][\/vc_column][\/vc_row][vc_row][vc_column][wiso_pages_gallery pages=\u00a0\u00bb%5B%7B%22image%22%3A%221475%22%2C%22button%22%3A%22url%3Ahttps%253A%252F%252Feleophotography.com%252Findex.php%252Freportages-photo%252Falex-butcher-corner%252F%7Ctitle%3AAlex%2520Butcher%2520Corner%22%7D%2C%7B%22image%22%3A%221356%22%2C%22button%22%3A%22url%3Ahttps%253A%252F%252Feleophotography.com%252Findex.php%252Freportages-photo%252Fsapeurs-pompiers%252F%7Ctitle%3ASapeurs-Pompiers%22%7D%5D\u00a0\u00bb][\/vc_column][\/vc_row][vc_row][vc_column][vc_column_text]<\/p>\n<div class=\"wp-block-qodeblock-qb-spacer qb-block-spacer qb-divider-solid qb-divider-size-1\" style=\"color: #ddd;\">\n<hr style=\"height: 44px;\" \/>\n<\/div>\n\n<p>&nbsp;<\/p>\n<p>[\/vc_column_text][\/vc_column][\/vc_row]<\/p>\n<\/div>","protected":false},"excerpt":{"rendered":"<p>[vc_row][vc_column][wiso_headings style=\u00a0\u00bbsimple\u00a0\u00bb title=\u00a0\u00bbReportages photos\u00a0\u00bb subtitle=\u00a0\u00bbEt si c&rsquo;\u00e9tait vos souvenirs photos &#8230;\u00a0\u00bb][vc_empty_space][\/vc_column][\/vc_row][vc_row][vc_column][wiso_pages_gallery pages=\u00a0\u00bb%5B%7B%22image%22%3A%221255%22%2C%22button%22%3A%22url%3Ahttps%253A%252F%252Feleophotography.com%252Findex.php%252Fseance-photo%252Fportrait-en-lumiere-naturelle%252F%7Ctitle%3APortrait%2520en%2520lumi%25C3%25A8re%2520naturelle%22%7D%2C%7B%22image%22%3A%221197%22%2C%22button%22%3A%22url%3Ahttps%253A%252F%252Feleophotography.com%252Findex.php%252Fseance-photo%252Fmarine-olympe%252F%7Ctitle%3AChat%22%7D%5D\u00a0\u00bb][vc_empty_space][\/vc_column][\/vc_row][vc_row][vc_column][wiso_headings style=\u00a0\u00bbsimple\u00a0\u00bb subtitle=\u00a0\u00bbVotre profession, mon regard : des images qui r\u00e9v\u00e8lent toute la passion et la pr\u00e9cision de votre m\u00e9tier.\u00a0\u00bb][wiso_headings style=\u00a0\u00bbsimple\u00a0\u00bb subtitle=\u00a0\u00bbCette approche narrative et authentique de la photographie consiste \u00e0 capturer avec authenticit\u00e9 et pr\u00e9cision les gestes, les outils, les environnements et la &#8230;<\/p>\n","protected":false},"author":1,"featured_media":0,"parent":0,"menu_order":0,"comment_status":"closed","ping_status":"closed","template":"","meta":{"_seopress_robots_primary_cat":"","_seopress_titles_title":"","_seopress_titles_desc":"","_seopress_robots_index":"","footnotes":""},"class_list":["post-1184","page","type-page","status-publish","hentry"],"featured_image_src":"","featured_image_src_square":"","_links":{"self":[{"href":"https:\/\/eleophotography.com\/index.php\/wp-json\/wp\/v2\/pages\/1184","targetHints":{"allow":["GET"]}}],"collection":[{"href":"https:\/\/eleophotography.com\/index.php\/wp-json\/wp\/v2\/pages"}],"about":[{"href":"https:\/\/eleophotography.com\/index.php\/wp-json\/wp\/v2\/types\/page"}],"author":[{"embeddable":true,"href":"https:\/\/eleophotography.com\/index.php\/wp-json\/wp\/v2\/users\/1"}],"replies":[{"embeddable":true,"href":"https:\/\/eleophotography.com\/index.php\/wp-json\/wp\/v2\/comments?post=1184"}],"version-history":[{"count":14,"href":"https:\/\/eleophotography.com\/index.php\/wp-json\/wp\/v2\/pages\/1184\/revisions"}],"predecessor-version":[{"id":1884,"href":"https:\/\/eleophotography.com\/index.php\/wp-json\/wp\/v2\/pages\/1184\/revisions\/1884"}],"wp:attachment":[{"href":"https:\/\/eleophotography.com\/index.php\/wp-json\/wp\/v2\/media?parent=1184"}],"curies":[{"name":"wp","href":"https:\/\/api.w.org\/{rel}","templated":true}]}}