{"id":1188,"date":"2024-11-08T11:43:21","date_gmt":"2024-11-08T10:43:21","guid":{"rendered":"https:\/\/eleophotography.com\/?page_id=1188"},"modified":"2024-12-15T16:32:54","modified_gmt":"2024-12-15T15:32:54","slug":"marine-olympe","status":"publish","type":"page","link":"https:\/\/eleophotography.com\/index.php\/seance-photo\/marine-olympe\/","title":{"rendered":"Chat"},"content":{"rendered":"<div class=\"wpb-content-wrapper\"><p>[vc_row][vc_column][wiso_headings style=\u00a0\u00bbsimple\u00a0\u00bb title=\u00a0\u00bbMarine &amp; Olympe\u00a0\u00bb subtitle=\u00a0\u00bbUne s\u00e9ance photo f\u00e9line pour capturer la gr\u00e2ce et le caract\u00e8re de votre chat avec tendresse et cr\u00e9ativit\u00e9.\u00a0\u00bb][vc_column_text]<\/p>\n\n\n<div style=\"color:#ddd\" class=\"wp-block-qodeblock-qb-spacer qb-block-spacer qb-divider-solid qb-divider-size-1\"><hr style=\"height:30px\"\/><\/div>\n\n\n\n<div class=\"wp-block-jetpack-tiled-gallery aligncenter is-style-rectangular\"><div class=\"\"><div class=\"tiled-gallery__gallery\"><div class=\"tiled-gallery__row\"><div class=\"tiled-gallery__col\" style=\"flex-basis:19.06962%\"><figure class=\"tiled-gallery__item\"><img decoding=\"async\" alt=\"\" data-height=\"2560\" data-id=\"1191\" data-link=\"http:\/\/nryrzbn.cluster100.hosting.ovh.net\/?attachment_id=1191\" data-url=\"http:\/\/nryrzbn.cluster100.hosting.ovh.net\/wp-content\/uploads\/2024\/11\/A7403885-683x1024.jpg\" data-width=\"1707\" src=\"https:\/\/i0.wp.com\/eleophotography.com\/wp-content\/uploads\/2024\/11\/A7403885-683x1024.jpg?ssl=1\" data-amp-layout=\"responsive\" tabindex=\"0\" role=\"button\" aria-label=\"Ouvrir l\u2019image 1 sur 12 en plein \u00e9cran\"\/><\/figure><\/div><div class=\"tiled-gallery__col\" style=\"flex-basis:42.79485%\"><figure class=\"tiled-gallery__item\"><img decoding=\"async\" alt=\"\" data-height=\"1707\" data-id=\"1192\" data-link=\"http:\/\/nryrzbn.cluster100.hosting.ovh.net\/?attachment_id=1192\" data-url=\"http:\/\/nryrzbn.cluster100.hosting.ovh.net\/wp-content\/uploads\/2024\/11\/A7403893-1024x683.jpg\" data-width=\"2560\" src=\"https:\/\/i0.wp.com\/eleophotography.com\/wp-content\/uploads\/2024\/11\/A7403893-1024x683.jpg?ssl=1\" data-amp-layout=\"responsive\" tabindex=\"0\" role=\"button\" aria-label=\"Ouvrir l\u2019image 2 sur 12 en plein \u00e9cran\"\/><\/figure><\/div><div class=\"tiled-gallery__col\" style=\"flex-basis:19.06962%\"><figure class=\"tiled-gallery__item\"><img decoding=\"async\" alt=\"\" data-height=\"2560\" data-id=\"1194\" data-link=\"http:\/\/nryrzbn.cluster100.hosting.ovh.net\/?attachment_id=1194\" data-url=\"http:\/\/nryrzbn.cluster100.hosting.ovh.net\/wp-content\/uploads\/2024\/11\/A7404001-683x1024.jpg\" data-width=\"1707\" src=\"https:\/\/i0.wp.com\/eleophotography.com\/wp-content\/uploads\/2024\/11\/A7404001-683x1024.jpg?ssl=1\" data-amp-layout=\"responsive\" tabindex=\"0\" role=\"button\" aria-label=\"Ouvrir l\u2019image 3 sur 12 en plein \u00e9cran\"\/><\/figure><\/div><div class=\"tiled-gallery__col\" style=\"flex-basis:19.06591%\"><figure class=\"tiled-gallery__item\"><img decoding=\"async\" alt=\"\" data-height=\"2382\" data-id=\"1193\" data-link=\"http:\/\/nryrzbn.cluster100.hosting.ovh.net\/?attachment_id=1193\" data-url=\"http:\/\/nryrzbn.cluster100.hosting.ovh.net\/wp-content\/uploads\/2024\/11\/A7403898-683x1024.jpg\" data-width=\"1588\" src=\"https:\/\/i0.wp.com\/eleophotography.com\/wp-content\/uploads\/2024\/11\/A7403898-683x1024.jpg?ssl=1\" data-amp-layout=\"responsive\" tabindex=\"0\" role=\"button\" aria-label=\"Ouvrir l\u2019image 4 sur 12 en plein \u00e9cran\"\/><\/figure><\/div><\/div><div class=\"tiled-gallery__row\"><div class=\"tiled-gallery__col\" style=\"flex-basis:33.33333%\"><figure class=\"tiled-gallery__item\"><img decoding=\"async\" alt=\"\" data-height=\"2560\" data-id=\"1196\" data-link=\"http:\/\/nryrzbn.cluster100.hosting.ovh.net\/?attachment_id=1196\" data-url=\"http:\/\/nryrzbn.cluster100.hosting.ovh.net\/wp-content\/uploads\/2024\/11\/A7404103-683x1024.jpg\" data-width=\"1707\" src=\"https:\/\/i0.wp.com\/eleophotography.com\/wp-content\/uploads\/2024\/11\/A7404103-683x1024.jpg?ssl=1\" data-amp-layout=\"responsive\" tabindex=\"0\" role=\"button\" aria-label=\"Ouvrir l\u2019image 5 sur 12 en plein \u00e9cran\"\/><\/figure><\/div><div class=\"tiled-gallery__col\" style=\"flex-basis:33.33333%\"><figure class=\"tiled-gallery__item\"><img decoding=\"async\" alt=\"\" data-height=\"2560\" data-id=\"1197\" data-link=\"http:\/\/nryrzbn.cluster100.hosting.ovh.net\/?attachment_id=1197\" data-url=\"http:\/\/nryrzbn.cluster100.hosting.ovh.net\/wp-content\/uploads\/2024\/11\/A7404415-683x1024.jpg\" data-width=\"1707\" src=\"https:\/\/i0.wp.com\/eleophotography.com\/wp-content\/uploads\/2024\/11\/A7404415-683x1024.jpg?ssl=1\" data-amp-layout=\"responsive\" tabindex=\"0\" role=\"button\" aria-label=\"Ouvrir l\u2019image 6 sur 12 en plein \u00e9cran\"\/><\/figure><\/div><div class=\"tiled-gallery__col\" style=\"flex-basis:33.33333%\"><figure class=\"tiled-gallery__item\"><img decoding=\"async\" alt=\"\" data-height=\"2560\" data-id=\"1336\" data-link=\"http:\/\/nryrzbn.cluster100.hosting.ovh.net\/index.php\/seance-photo\/marine-olympe\/a7404111\/\" data-url=\"http:\/\/nryrzbn.cluster100.hosting.ovh.net\/wp-content\/uploads\/2024\/11\/A7404111-683x1024.jpg\" data-width=\"1707\" src=\"https:\/\/i0.wp.com\/eleophotography.com\/wp-content\/uploads\/2024\/11\/A7404111-683x1024.jpg?ssl=1\" data-amp-layout=\"responsive\" tabindex=\"0\" role=\"button\" aria-label=\"Ouvrir l\u2019image 7 sur 12 en plein \u00e9cran\"\/><\/figure><\/div><\/div><div class=\"tiled-gallery__row\"><div class=\"tiled-gallery__col\" style=\"flex-basis:50.00000%\"><figure class=\"tiled-gallery__item\"><img decoding=\"async\" alt=\"\" data-height=\"2560\" data-id=\"1333\" data-link=\"http:\/\/nryrzbn.cluster100.hosting.ovh.net\/index.php\/seance-photo\/marine-olympe\/a7404066\/\" data-url=\"http:\/\/nryrzbn.cluster100.hosting.ovh.net\/wp-content\/uploads\/2024\/11\/A7404066-683x1024.jpg\" data-width=\"1707\" src=\"https:\/\/i0.wp.com\/eleophotography.com\/wp-content\/uploads\/2024\/11\/A7404066-683x1024.jpg?ssl=1\" data-amp-layout=\"responsive\" tabindex=\"0\" role=\"button\" aria-label=\"Ouvrir l\u2019image 8 sur 12 en plein \u00e9cran\"\/><\/figure><\/div><div class=\"tiled-gallery__col\" style=\"flex-basis:50.00000%\"><figure class=\"tiled-gallery__item\"><img decoding=\"async\" alt=\"\" data-height=\"2560\" data-id=\"1195\" data-link=\"http:\/\/nryrzbn.cluster100.hosting.ovh.net\/?attachment_id=1195\" data-url=\"http:\/\/nryrzbn.cluster100.hosting.ovh.net\/wp-content\/uploads\/2024\/11\/A7404088-683x1024.jpg\" data-width=\"1707\" src=\"https:\/\/i0.wp.com\/eleophotography.com\/wp-content\/uploads\/2024\/11\/A7404088-683x1024.jpg?ssl=1\" data-amp-layout=\"responsive\" tabindex=\"0\" role=\"button\" aria-label=\"Ouvrir l\u2019image 9 sur 12 en plein \u00e9cran\"\/><\/figure><\/div><\/div><div class=\"tiled-gallery__row\"><div class=\"tiled-gallery__col\" style=\"flex-basis:52.88333%\"><figure class=\"tiled-gallery__item\"><img decoding=\"async\" alt=\"\" data-height=\"1707\" data-id=\"1338\" data-link=\"http:\/\/nryrzbn.cluster100.hosting.ovh.net\/index.php\/seance-photo\/marine-olympe\/a7404119\/\" data-url=\"http:\/\/nryrzbn.cluster100.hosting.ovh.net\/wp-content\/uploads\/2024\/11\/A7404119-1024x683.jpg\" data-width=\"2560\" src=\"https:\/\/i0.wp.com\/eleophotography.com\/wp-content\/uploads\/2024\/11\/A7404119-1024x683.jpg?ssl=1\" data-amp-layout=\"responsive\" tabindex=\"0\" role=\"button\" aria-label=\"Ouvrir l\u2019image 10 sur 12 en plein \u00e9cran\"\/><\/figure><\/div><div class=\"tiled-gallery__col\" style=\"flex-basis:23.55834%\"><figure class=\"tiled-gallery__item\"><img decoding=\"async\" alt=\"\" data-height=\"2560\" data-id=\"1340\" data-link=\"http:\/\/nryrzbn.cluster100.hosting.ovh.net\/index.php\/seance-photo\/marine-olympe\/a7404406\/\" data-url=\"http:\/\/nryrzbn.cluster100.hosting.ovh.net\/wp-content\/uploads\/2024\/11\/A7404406-683x1024.jpg\" data-width=\"1707\" src=\"https:\/\/i0.wp.com\/eleophotography.com\/wp-content\/uploads\/2024\/11\/A7404406-683x1024.jpg?ssl=1\" data-amp-layout=\"responsive\" tabindex=\"0\" role=\"button\" aria-label=\"Ouvrir l\u2019image 11 sur 12 en plein \u00e9cran\"\/><\/figure><\/div><div class=\"tiled-gallery__col\" style=\"flex-basis:23.55834%\"><figure class=\"tiled-gallery__item\"><img decoding=\"async\" alt=\"\" data-height=\"2560\" data-id=\"1342\" data-link=\"http:\/\/nryrzbn.cluster100.hosting.ovh.net\/index.php\/seance-photo\/marine-olympe\/a7404425\/\" data-url=\"http:\/\/nryrzbn.cluster100.hosting.ovh.net\/wp-content\/uploads\/2024\/11\/A7404425-683x1024.jpg\" data-width=\"1707\" src=\"https:\/\/i0.wp.com\/eleophotography.com\/wp-content\/uploads\/2024\/11\/A7404425-683x1024.jpg?ssl=1\" data-amp-layout=\"responsive\" tabindex=\"0\" role=\"button\" aria-label=\"Ouvrir l\u2019image 12 sur 12 en plein \u00e9cran\"\/><\/figure><\/div><\/div><\/div><\/div><\/div>\n\n\n\n<div style=\"color:#ddd\" class=\"wp-block-qodeblock-qb-spacer qb-block-spacer qb-divider-solid qb-divider-size-1\"><hr style=\"height:30px\"\/><\/div>\n\n\n\n<p><\/p>\n<\/div>","protected":false},"excerpt":{"rendered":"<p>[vc_row][vc_column][wiso_headings style=\u00a0\u00bbsimple\u00a0\u00bb title=\u00a0\u00bbMarine &amp; Olympe\u00a0\u00bb subtitle=\u00a0\u00bbUne s\u00e9ance photo f\u00e9line pour capturer la gr\u00e2ce et le caract\u00e8re de votre chat avec tendresse et cr\u00e9ativit\u00e9.\u00a0\u00bb][vc_column_text]<\/p>\n","protected":false},"author":1,"featured_media":0,"parent":1184,"menu_order":0,"comment_status":"closed","ping_status":"closed","template":"","meta":{"_seopress_robots_primary_cat":"","_seopress_titles_title":"","_seopress_titles_desc":"","_seopress_robots_index":"","footnotes":""},"class_list":["post-1188","page","type-page","status-publish","hentry"],"featured_image_src":"","featured_image_src_square":"","_links":{"self":[{"href":"https:\/\/eleophotography.com\/index.php\/wp-json\/wp\/v2\/pages\/1188","targetHints":{"allow":["GET"]}}],"collection":[{"href":"https:\/\/eleophotography.com\/index.php\/wp-json\/wp\/v2\/pages"}],"about":[{"href":"https:\/\/eleophotography.com\/index.php\/wp-json\/wp\/v2\/types\/page"}],"author":[{"embeddable":true,"href":"https:\/\/eleophotography.com\/index.php\/wp-json\/wp\/v2\/users\/1"}],"replies":[{"embeddable":true,"href":"https:\/\/eleophotography.com\/index.php\/wp-json\/wp\/v2\/comments?post=1188"}],"version-history":[{"count":8,"href":"https:\/\/eleophotography.com\/index.php\/wp-json\/wp\/v2\/pages\/1188\/revisions"}],"predecessor-version":[{"id":1520,"href":"https:\/\/eleophotography.com\/index.php\/wp-json\/wp\/v2\/pages\/1188\/revisions\/1520"}],"up":[{"embeddable":true,"href":"https:\/\/eleophotography.com\/index.php\/wp-json\/wp\/v2\/pages\/1184"}],"wp:attachment":[{"href":"https:\/\/eleophotography.com\/index.php\/wp-json\/wp\/v2\/media?parent=1188"}],"curies":[{"name":"wp","href":"https:\/\/api.w.org\/{rel}","templated":true}]}}