{"id":1317,"date":"2024-11-18T13:49:18","date_gmt":"2024-11-18T12:49:18","guid":{"rendered":"https:\/\/eleophotography.com\/?page_id=1317"},"modified":"2024-12-16T15:23:35","modified_gmt":"2024-12-16T14:23:35","slug":"sapeurs-pompiers","status":"publish","type":"page","link":"https:\/\/eleophotography.com\/index.php\/reportage-photo\/sapeurs-pompiers\/","title":{"rendered":"Sapeurs-Pompiers"},"content":{"rendered":"<div class=\"wpb-content-wrapper\"><p>[vc_row][vc_column][wiso_headings style=\u00a0\u00bbsimple\u00a0\u00bb title=\u00a0\u00bbSapeurs-Pompiers\u00a0\u00bb subtitle=\u00a0\u00bbS\u00e9ance photo pour les Sapeurs-Pompiers de L\u00e8ge\u00a0\u00bb][vc_empty_space][vc_column_text]<\/p>\n<p style=\"text-align: center;\">J&rsquo;ai assist\u00e9 \u00e0 deux man\u0153uvres : la d\u00e9sincarc\u00e9ration d&rsquo;une victime dans un v\u00e9hicule puis la simulation d&rsquo;un feu de for\u00eat.<\/p>\n<p>[\/vc_column_text][vc_column_text]<\/p>\n\n\n<\/p>\n<div class=\"wp-block-qodeblock-qb-spacer qb-block-spacer qb-divider-solid qb-divider-size-1\" style=\"color: #ddd;\">\n<hr style=\"height: 30px;\" \/>\n<\/div>\n\n\n\n<div class=\"wp-block-jetpack-tiled-gallery aligncenter is-style-rectangular\"><div class=\"\"><div class=\"tiled-gallery__gallery\"><div class=\"tiled-gallery__row\"><div class=\"tiled-gallery__col\" style=\"flex-basis:50.00000%\"><figure class=\"tiled-gallery__item\"><img decoding=\"async\" alt=\"\" data-height=\"2560\" data-id=\"1322\" data-link=\"http:\/\/nryrzbn.cluster100.hosting.ovh.net\/index.php\/reportage-photo\/a7406594\/\" data-url=\"http:\/\/nryrzbn.cluster100.hosting.ovh.net\/wp-content\/uploads\/2024\/11\/A7406594-683x1024.jpg\" data-width=\"1707\" src=\"https:\/\/i0.wp.com\/eleophotography.com\/wp-content\/uploads\/2024\/11\/A7406594-683x1024.jpg\" data-amp-layout=\"responsive\" tabindex=\"0\" role=\"button\" aria-label=\"Ouvrir l\u2019image 1 sur 27 en plein \u00e9cran\"\/><\/figure><\/div><div class=\"tiled-gallery__col\" style=\"flex-basis:50.00000%\"><figure class=\"tiled-gallery__item\"><img decoding=\"async\" alt=\"\" data-height=\"2560\" data-id=\"1328\" data-link=\"http:\/\/nryrzbn.cluster100.hosting.ovh.net\/index.php\/reportage-photo\/a7406604\/\" data-url=\"http:\/\/nryrzbn.cluster100.hosting.ovh.net\/wp-content\/uploads\/2024\/11\/A7406604-683x1024.jpg\" data-width=\"1707\" src=\"https:\/\/i0.wp.com\/eleophotography.com\/wp-content\/uploads\/2024\/11\/A7406604-683x1024.jpg\" data-amp-layout=\"responsive\" tabindex=\"0\" role=\"button\" aria-label=\"Ouvrir l\u2019image 2 sur 27 en plein \u00e9cran\"\/><\/figure><\/div><\/div><div class=\"tiled-gallery__row\"><div class=\"tiled-gallery__col\" style=\"flex-basis:69.18649%\"><figure class=\"tiled-gallery__item\"><img decoding=\"async\" alt=\"\" data-height=\"1707\" data-id=\"1331\" data-link=\"http:\/\/nryrzbn.cluster100.hosting.ovh.net\/index.php\/reportage-photo\/a7406621\/\" data-url=\"http:\/\/nryrzbn.cluster100.hosting.ovh.net\/wp-content\/uploads\/2024\/11\/A7406621-1024x683.jpg\" data-width=\"2560\" src=\"https:\/\/i0.wp.com\/eleophotography.com\/wp-content\/uploads\/2024\/11\/A7406621-1024x683.jpg\" data-amp-layout=\"responsive\" tabindex=\"0\" role=\"button\" aria-label=\"Ouvrir l\u2019image 3 sur 27 en plein \u00e9cran\"\/><\/figure><\/div><div class=\"tiled-gallery__col\" style=\"flex-basis:30.81351%\"><figure class=\"tiled-gallery__item\"><img decoding=\"async\" alt=\"\" data-height=\"2560\" data-id=\"1351\" data-link=\"http:\/\/nryrzbn.cluster100.hosting.ovh.net\/index.php\/reportage-photo\/a7406757\/\" data-url=\"http:\/\/nryrzbn.cluster100.hosting.ovh.net\/wp-content\/uploads\/2024\/11\/A7406757-683x1024.jpg\" data-width=\"1707\" src=\"https:\/\/i0.wp.com\/eleophotography.com\/wp-content\/uploads\/2024\/11\/A7406757-683x1024.jpg\" data-amp-layout=\"responsive\" tabindex=\"0\" role=\"button\" aria-label=\"Ouvrir l\u2019image 4 sur 27 en plein \u00e9cran\"\/><\/figure><\/div><\/div><div class=\"tiled-gallery__row\"><div class=\"tiled-gallery__col\" style=\"flex-basis:25.00000%\"><figure class=\"tiled-gallery__item\"><img decoding=\"async\" alt=\"\" data-height=\"2560\" data-id=\"1356\" data-link=\"http:\/\/nryrzbn.cluster100.hosting.ovh.net\/index.php\/reportage-photo\/a7406778\/\" data-url=\"http:\/\/nryrzbn.cluster100.hosting.ovh.net\/wp-content\/uploads\/2024\/11\/A7406778-683x1024.jpg\" data-width=\"1707\" src=\"https:\/\/i0.wp.com\/eleophotography.com\/wp-content\/uploads\/2024\/11\/A7406778-683x1024.jpg\" data-amp-layout=\"responsive\" tabindex=\"0\" role=\"button\" aria-label=\"Ouvrir l\u2019image 5 sur 27 en plein \u00e9cran\"\/><\/figure><\/div><div class=\"tiled-gallery__col\" style=\"flex-basis:25.00000%\"><figure class=\"tiled-gallery__item\"><img decoding=\"async\" alt=\"\" data-height=\"2560\" data-id=\"1358\" data-link=\"http:\/\/nryrzbn.cluster100.hosting.ovh.net\/index.php\/reportage-photo\/a7406791\/\" data-url=\"http:\/\/nryrzbn.cluster100.hosting.ovh.net\/wp-content\/uploads\/2024\/11\/A7406791-683x1024.jpg\" data-width=\"1707\" src=\"https:\/\/i0.wp.com\/eleophotography.com\/wp-content\/uploads\/2024\/11\/A7406791-683x1024.jpg\" data-amp-layout=\"responsive\" tabindex=\"0\" role=\"button\" aria-label=\"Ouvrir l\u2019image 6 sur 27 en plein \u00e9cran\"\/><\/figure><\/div><div class=\"tiled-gallery__col\" style=\"flex-basis:25.00000%\"><figure class=\"tiled-gallery__item\"><img decoding=\"async\" alt=\"\" data-height=\"2560\" data-id=\"1360\" data-link=\"http:\/\/nryrzbn.cluster100.hosting.ovh.net\/index.php\/reportage-photo\/a7406802\/\" data-url=\"http:\/\/nryrzbn.cluster100.hosting.ovh.net\/wp-content\/uploads\/2024\/11\/A7406802-683x1024.jpg\" data-width=\"1707\" src=\"https:\/\/i0.wp.com\/eleophotography.com\/wp-content\/uploads\/2024\/11\/A7406802-683x1024.jpg\" data-amp-layout=\"responsive\" tabindex=\"0\" role=\"button\" aria-label=\"Ouvrir l\u2019image 7 sur 27 en plein \u00e9cran\"\/><\/figure><\/div><div class=\"tiled-gallery__col\" style=\"flex-basis:25.00000%\"><figure class=\"tiled-gallery__item\"><img decoding=\"async\" alt=\"\" data-height=\"2560\" data-id=\"1366\" data-link=\"http:\/\/nryrzbn.cluster100.hosting.ovh.net\/index.php\/reportage-photo\/a7406865\/\" data-url=\"http:\/\/nryrzbn.cluster100.hosting.ovh.net\/wp-content\/uploads\/2024\/11\/A7406865-683x1024.jpg\" data-width=\"1707\" src=\"https:\/\/i0.wp.com\/eleophotography.com\/wp-content\/uploads\/2024\/11\/A7406865-683x1024.jpg\" data-amp-layout=\"responsive\" tabindex=\"0\" role=\"button\" aria-label=\"Ouvrir l\u2019image 8 sur 27 en plein \u00e9cran\"\/><\/figure><\/div><\/div><div class=\"tiled-gallery__row\"><div class=\"tiled-gallery__col\" style=\"flex-basis:69.18649%\"><figure class=\"tiled-gallery__item\"><img decoding=\"async\" alt=\"\" data-height=\"1707\" data-id=\"1368\" data-link=\"http:\/\/nryrzbn.cluster100.hosting.ovh.net\/index.php\/reportage-photo\/a7406893\/\" data-url=\"http:\/\/nryrzbn.cluster100.hosting.ovh.net\/wp-content\/uploads\/2024\/11\/A7406893-1024x683.jpg\" data-width=\"2560\" src=\"https:\/\/i0.wp.com\/eleophotography.com\/wp-content\/uploads\/2024\/11\/A7406893-1024x683.jpg\" data-amp-layout=\"responsive\" tabindex=\"0\" role=\"button\" aria-label=\"Ouvrir l\u2019image 9 sur 27 en plein \u00e9cran\"\/><\/figure><\/div><div class=\"tiled-gallery__col\" style=\"flex-basis:30.81351%\"><figure class=\"tiled-gallery__item\"><img decoding=\"async\" alt=\"\" data-height=\"2560\" data-id=\"1370\" data-link=\"http:\/\/nryrzbn.cluster100.hosting.ovh.net\/index.php\/reportage-photo\/a7407059\/\" data-url=\"http:\/\/nryrzbn.cluster100.hosting.ovh.net\/wp-content\/uploads\/2024\/11\/A7407059-683x1024.jpg\" data-width=\"1707\" src=\"https:\/\/i0.wp.com\/eleophotography.com\/wp-content\/uploads\/2024\/11\/A7407059-683x1024.jpg\" data-amp-layout=\"responsive\" tabindex=\"0\" role=\"button\" aria-label=\"Ouvrir l\u2019image 10 sur 27 en plein \u00e9cran\"\/><\/figure><\/div><\/div><div class=\"tiled-gallery__row\"><div class=\"tiled-gallery__col\" style=\"flex-basis:23.55834%\"><figure class=\"tiled-gallery__item\"><img decoding=\"async\" alt=\"\" data-height=\"2560\" data-id=\"1372\" data-link=\"http:\/\/nryrzbn.cluster100.hosting.ovh.net\/index.php\/reportage-photo\/a7407121\/\" data-url=\"http:\/\/nryrzbn.cluster100.hosting.ovh.net\/wp-content\/uploads\/2024\/11\/A7407121-683x1024.jpg\" data-width=\"1707\" src=\"https:\/\/i0.wp.com\/eleophotography.com\/wp-content\/uploads\/2024\/11\/A7407121-683x1024.jpg\" data-amp-layout=\"responsive\" tabindex=\"0\" role=\"button\" aria-label=\"Ouvrir l\u2019image 11 sur 27 en plein \u00e9cran\"\/><\/figure><\/div><div class=\"tiled-gallery__col\" style=\"flex-basis:52.88333%\"><figure class=\"tiled-gallery__item\"><img decoding=\"async\" alt=\"\" data-height=\"1707\" data-id=\"1374\" data-link=\"http:\/\/nryrzbn.cluster100.hosting.ovh.net\/index.php\/reportage-photo\/a7407126\/\" data-url=\"http:\/\/nryrzbn.cluster100.hosting.ovh.net\/wp-content\/uploads\/2024\/11\/A7407126-1024x683.jpg\" data-width=\"2560\" src=\"https:\/\/i0.wp.com\/eleophotography.com\/wp-content\/uploads\/2024\/11\/A7407126-1024x683.jpg\" data-amp-layout=\"responsive\" tabindex=\"0\" role=\"button\" aria-label=\"Ouvrir l\u2019image 12 sur 27 en plein \u00e9cran\"\/><\/figure><\/div><div class=\"tiled-gallery__col\" style=\"flex-basis:23.55834%\"><figure class=\"tiled-gallery__item\"><img decoding=\"async\" alt=\"\" data-height=\"2560\" data-id=\"1390\" data-link=\"http:\/\/nryrzbn.cluster100.hosting.ovh.net\/index.php\/reportage-photo\/a7407258\/\" data-url=\"http:\/\/nryrzbn.cluster100.hosting.ovh.net\/wp-content\/uploads\/2024\/11\/A7407258-683x1024.jpg\" data-width=\"1707\" src=\"https:\/\/i0.wp.com\/eleophotography.com\/wp-content\/uploads\/2024\/11\/A7407258-683x1024.jpg\" data-amp-layout=\"responsive\" tabindex=\"0\" role=\"button\" aria-label=\"Ouvrir l\u2019image 13 sur 27 en plein \u00e9cran\"\/><\/figure><\/div><\/div><div class=\"tiled-gallery__row\"><div class=\"tiled-gallery__col\" style=\"flex-basis:52.79645%\"><figure class=\"tiled-gallery__item\"><img decoding=\"async\" alt=\"\" data-height=\"1707\" data-id=\"1394\" data-link=\"http:\/\/nryrzbn.cluster100.hosting.ovh.net\/index.php\/reportage-photo\/a7407324\/\" data-url=\"http:\/\/nryrzbn.cluster100.hosting.ovh.net\/wp-content\/uploads\/2024\/11\/A7407324-1024x683.jpg\" data-width=\"2560\" src=\"https:\/\/i0.wp.com\/eleophotography.com\/wp-content\/uploads\/2024\/11\/A7407324-1024x683.jpg\" data-amp-layout=\"responsive\" tabindex=\"0\" role=\"button\" aria-label=\"Ouvrir l\u2019image 14 sur 27 en plein \u00e9cran\"\/><\/figure><figure class=\"tiled-gallery__item\"><img decoding=\"async\" alt=\"\" data-height=\"1707\" data-id=\"1396\" data-link=\"http:\/\/nryrzbn.cluster100.hosting.ovh.net\/index.php\/reportage-photo\/a7407333\/\" data-url=\"http:\/\/nryrzbn.cluster100.hosting.ovh.net\/wp-content\/uploads\/2024\/11\/A7407333-1024x683.jpg\" data-width=\"2560\" src=\"https:\/\/i0.wp.com\/eleophotography.com\/wp-content\/uploads\/2024\/11\/A7407333-1024x683.jpg\" data-amp-layout=\"responsive\" tabindex=\"0\" role=\"button\" aria-label=\"Ouvrir l\u2019image 15 sur 27 en plein \u00e9cran\"\/><\/figure><\/div><div class=\"tiled-gallery__col\" style=\"flex-basis:47.20355%\"><figure class=\"tiled-gallery__item\"><img decoding=\"async\" alt=\"\" data-height=\"2560\" data-id=\"1402\" data-link=\"http:\/\/nryrzbn.cluster100.hosting.ovh.net\/index.php\/reportage-photo\/a7407391\/\" data-url=\"http:\/\/nryrzbn.cluster100.hosting.ovh.net\/wp-content\/uploads\/2024\/11\/A7407391-683x1024.jpg\" data-width=\"1707\" src=\"https:\/\/i0.wp.com\/eleophotography.com\/wp-content\/uploads\/2024\/11\/A7407391-683x1024.jpg\" data-amp-layout=\"responsive\" tabindex=\"0\" role=\"button\" aria-label=\"Ouvrir l\u2019image 16 sur 27 en plein \u00e9cran\"\/><\/figure><\/div><\/div><div class=\"tiled-gallery__row\"><div class=\"tiled-gallery__col\" style=\"flex-basis:19.05990%\"><figure class=\"tiled-gallery__item\"><img decoding=\"async\" alt=\"\" data-height=\"2560\" data-id=\"1404\" data-link=\"http:\/\/nryrzbn.cluster100.hosting.ovh.net\/index.php\/reportage-photo\/a7407479\/\" data-url=\"http:\/\/nryrzbn.cluster100.hosting.ovh.net\/wp-content\/uploads\/2024\/11\/A7407479-683x1024.jpg\" data-width=\"1706\" src=\"https:\/\/i0.wp.com\/eleophotography.com\/wp-content\/uploads\/2024\/11\/A7407479-683x1024.jpg\" data-amp-layout=\"responsive\" tabindex=\"0\" role=\"button\" aria-label=\"Ouvrir l\u2019image 17 sur 27 en plein \u00e9cran\"\/><\/figure><\/div><div class=\"tiled-gallery__col\" style=\"flex-basis:19.07103%\"><figure class=\"tiled-gallery__item\"><img decoding=\"async\" alt=\"\" data-height=\"2560\" data-id=\"1408\" data-link=\"http:\/\/nryrzbn.cluster100.hosting.ovh.net\/index.php\/reportage-photo\/a7407550\/\" data-url=\"http:\/\/nryrzbn.cluster100.hosting.ovh.net\/wp-content\/uploads\/2024\/11\/A7407550-683x1024.jpg\" data-width=\"1707\" src=\"https:\/\/i0.wp.com\/eleophotography.com\/wp-content\/uploads\/2024\/11\/A7407550-683x1024.jpg\" data-amp-layout=\"responsive\" tabindex=\"0\" role=\"button\" aria-label=\"Ouvrir l\u2019image 18 sur 27 en plein \u00e9cran\"\/><\/figure><\/div><div class=\"tiled-gallery__col\" style=\"flex-basis:19.07103%\"><figure class=\"tiled-gallery__item\"><img decoding=\"async\" alt=\"\" data-height=\"2560\" data-id=\"1414\" data-link=\"http:\/\/nryrzbn.cluster100.hosting.ovh.net\/index.php\/reportage-photo\/a7407652\/\" data-url=\"http:\/\/nryrzbn.cluster100.hosting.ovh.net\/wp-content\/uploads\/2024\/11\/A7407652-683x1024.jpg\" data-width=\"1707\" src=\"https:\/\/i0.wp.com\/eleophotography.com\/wp-content\/uploads\/2024\/11\/A7407652-683x1024.jpg\" data-amp-layout=\"responsive\" tabindex=\"0\" role=\"button\" aria-label=\"Ouvrir l\u2019image 19 sur 27 en plein \u00e9cran\"\/><\/figure><\/div><div class=\"tiled-gallery__col\" style=\"flex-basis:42.79803%\"><figure class=\"tiled-gallery__item\"><img decoding=\"async\" alt=\"\" data-height=\"1707\" data-id=\"1418\" data-link=\"http:\/\/nryrzbn.cluster100.hosting.ovh.net\/index.php\/reportage-photo\/a7407704\/\" data-url=\"http:\/\/nryrzbn.cluster100.hosting.ovh.net\/wp-content\/uploads\/2024\/11\/A7407704-1024x683.jpg\" data-width=\"2560\" src=\"https:\/\/i0.wp.com\/eleophotography.com\/wp-content\/uploads\/2024\/11\/A7407704-1024x683.jpg\" data-amp-layout=\"responsive\" tabindex=\"0\" role=\"button\" aria-label=\"Ouvrir l\u2019image 20 sur 27 en plein \u00e9cran\"\/><\/figure><\/div><\/div><div class=\"tiled-gallery__row\"><div class=\"tiled-gallery__col\" style=\"flex-basis:50.00000%\"><figure class=\"tiled-gallery__item\"><img decoding=\"async\" alt=\"\" data-height=\"2560\" data-id=\"1420\" data-link=\"http:\/\/nryrzbn.cluster100.hosting.ovh.net\/index.php\/reportage-photo\/a7407770\/\" data-url=\"http:\/\/nryrzbn.cluster100.hosting.ovh.net\/wp-content\/uploads\/2024\/11\/A7407770-683x1024.jpg\" data-width=\"1707\" src=\"https:\/\/i0.wp.com\/eleophotography.com\/wp-content\/uploads\/2024\/11\/A7407770-683x1024.jpg\" data-amp-layout=\"responsive\" tabindex=\"0\" role=\"button\" aria-label=\"Ouvrir l\u2019image 21 sur 27 en plein \u00e9cran\"\/><\/figure><\/div><div class=\"tiled-gallery__col\" style=\"flex-basis:50.00000%\"><figure class=\"tiled-gallery__item\"><img decoding=\"async\" alt=\"\" data-height=\"2560\" data-id=\"1424\" data-link=\"http:\/\/nryrzbn.cluster100.hosting.ovh.net\/index.php\/reportage-photo\/a7407897\/\" data-url=\"http:\/\/nryrzbn.cluster100.hosting.ovh.net\/wp-content\/uploads\/2024\/11\/A7407897-683x1024.jpg\" data-width=\"1707\" src=\"https:\/\/i0.wp.com\/eleophotography.com\/wp-content\/uploads\/2024\/11\/A7407897-683x1024.jpg\" data-amp-layout=\"responsive\" tabindex=\"0\" role=\"button\" aria-label=\"Ouvrir l\u2019image 22 sur 27 en plein \u00e9cran\"\/><\/figure><\/div><\/div><div class=\"tiled-gallery__row\"><div class=\"tiled-gallery__col\" style=\"flex-basis:50.00000%\"><figure class=\"tiled-gallery__item\"><img decoding=\"async\" alt=\"\" data-height=\"2560\" data-id=\"1426\" data-link=\"http:\/\/nryrzbn.cluster100.hosting.ovh.net\/index.php\/reportage-photo\/a7407928\/\" data-url=\"http:\/\/nryrzbn.cluster100.hosting.ovh.net\/wp-content\/uploads\/2024\/11\/A7407928-683x1024.jpg\" data-width=\"1707\" src=\"https:\/\/i0.wp.com\/eleophotography.com\/wp-content\/uploads\/2024\/11\/A7407928-683x1024.jpg\" data-amp-layout=\"responsive\" tabindex=\"0\" role=\"button\" aria-label=\"Ouvrir l\u2019image 23 sur 27 en plein \u00e9cran\"\/><\/figure><\/div><div class=\"tiled-gallery__col\" style=\"flex-basis:50.00000%\"><figure class=\"tiled-gallery__item\"><img decoding=\"async\" alt=\"\" data-height=\"2560\" data-id=\"1428\" data-link=\"http:\/\/nryrzbn.cluster100.hosting.ovh.net\/index.php\/reportage-photo\/a7408149\/\" data-url=\"http:\/\/nryrzbn.cluster100.hosting.ovh.net\/wp-content\/uploads\/2024\/11\/A7408149-683x1024.jpg\" data-width=\"1707\" src=\"https:\/\/i0.wp.com\/eleophotography.com\/wp-content\/uploads\/2024\/11\/A7408149-683x1024.jpg\" data-amp-layout=\"responsive\" tabindex=\"0\" role=\"button\" aria-label=\"Ouvrir l\u2019image 24 sur 27 en plein \u00e9cran\"\/><\/figure><\/div><\/div><div class=\"tiled-gallery__row\"><div class=\"tiled-gallery__col\" style=\"flex-basis:40.88213%\"><figure class=\"tiled-gallery__item\"><img decoding=\"async\" alt=\"\" data-height=\"1707\" data-id=\"1430\" data-link=\"http:\/\/nryrzbn.cluster100.hosting.ovh.net\/index.php\/reportage-photo\/a7408267\/\" data-url=\"http:\/\/nryrzbn.cluster100.hosting.ovh.net\/wp-content\/uploads\/2024\/11\/A7408267-1024x683.jpg\" data-width=\"2560\" src=\"https:\/\/i0.wp.com\/eleophotography.com\/wp-content\/uploads\/2024\/11\/A7408267-1024x683.jpg\" data-amp-layout=\"responsive\" tabindex=\"0\" role=\"button\" aria-label=\"Ouvrir l\u2019image 25 sur 27 en plein \u00e9cran\"\/><\/figure><\/div><div class=\"tiled-gallery__col\" style=\"flex-basis:18.23575%\"><figure class=\"tiled-gallery__item\"><img decoding=\"async\" alt=\"\" data-height=\"2560\" data-id=\"1432\" data-link=\"http:\/\/nryrzbn.cluster100.hosting.ovh.net\/index.php\/reportage-photo\/a7408406\/\" data-url=\"http:\/\/nryrzbn.cluster100.hosting.ovh.net\/wp-content\/uploads\/2024\/11\/A7408406-683x1024.jpg\" data-width=\"1707\" src=\"https:\/\/i0.wp.com\/eleophotography.com\/wp-content\/uploads\/2024\/11\/A7408406-683x1024.jpg\" data-amp-layout=\"responsive\" tabindex=\"0\" role=\"button\" aria-label=\"Ouvrir l\u2019image 26 sur 27 en plein \u00e9cran\"\/><\/figure><\/div><div class=\"tiled-gallery__col\" style=\"flex-basis:40.88213%\"><figure class=\"tiled-gallery__item\"><img decoding=\"async\" alt=\"\" data-height=\"1707\" data-id=\"1434\" data-link=\"http:\/\/nryrzbn.cluster100.hosting.ovh.net\/index.php\/reportage-photo\/a7408442\/\" data-url=\"http:\/\/nryrzbn.cluster100.hosting.ovh.net\/wp-content\/uploads\/2024\/11\/A7408442-1024x683.jpg\" data-width=\"2560\" src=\"https:\/\/i0.wp.com\/eleophotography.com\/wp-content\/uploads\/2024\/11\/A7408442-1024x683.jpg\" data-amp-layout=\"responsive\" tabindex=\"0\" role=\"button\" aria-label=\"Ouvrir l\u2019image 27 sur 27 en plein \u00e9cran\"\/><\/figure><\/div><\/div><\/div><\/div><\/div>\n\n\n<p>[\/vc_column_text][\/vc_column][\/vc_row][vc_row][vc_column][vc_column_text]<\/p>\n\n\n<div style=\"color:#ddd\" class=\"wp-block-qodeblock-qb-spacer qb-block-spacer qb-divider-solid qb-divider-size-1\">\n<hr style=\"height:52px\"\/>\n<\/div>\n<p>\n\n\n<p>[\/vc_column_text][\/vc_column][\/vc_row]<\/p><\/div>","protected":false},"excerpt":{"rendered":"<p>[vc_row][vc_column][wiso_headings style=\u00a0\u00bbsimple\u00a0\u00bb title=\u00a0\u00bbSapeurs-Pompiers\u00a0\u00bb subtitle=\u00a0\u00bbS\u00e9ance photo pour les Sapeurs-Pompiers de L\u00e8ge\u00a0\u00bb][vc_empty_space][vc_column_text] J&rsquo;ai assist\u00e9 \u00e0 deux man\u0153uvres : la d\u00e9sincarc\u00e9ration d&rsquo;une victime dans un v\u00e9hicule puis la simulation d&rsquo;un feu de for\u00eat. [\/vc_column_text][vc_column_text] [\/vc_column_text][\/vc_column][\/vc_row][vc_row][vc_column][vc_column_text] [\/vc_column_text][\/vc_column][\/vc_row]<\/p>\n","protected":false},"author":1,"featured_media":0,"parent":1439,"menu_order":0,"comment_status":"closed","ping_status":"closed","template":"","meta":{"_seopress_robots_primary_cat":"","_seopress_titles_title":"","_seopress_titles_desc":"","_seopress_robots_index":"","footnotes":""},"class_list":["post-1317","page","type-page","status-publish","hentry"],"featured_image_src":"","featured_image_src_square":"","_links":{"self":[{"href":"https:\/\/eleophotography.com\/index.php\/wp-json\/wp\/v2\/pages\/1317","targetHints":{"allow":["GET"]}}],"collection":[{"href":"https:\/\/eleophotography.com\/index.php\/wp-json\/wp\/v2\/pages"}],"about":[{"href":"https:\/\/eleophotography.com\/index.php\/wp-json\/wp\/v2\/types\/page"}],"author":[{"embeddable":true,"href":"https:\/\/eleophotography.com\/index.php\/wp-json\/wp\/v2\/users\/1"}],"replies":[{"embeddable":true,"href":"https:\/\/eleophotography.com\/index.php\/wp-json\/wp\/v2\/comments?post=1317"}],"version-history":[{"count":13,"href":"https:\/\/eleophotography.com\/index.php\/wp-json\/wp\/v2\/pages\/1317\/revisions"}],"predecessor-version":[{"id":1525,"href":"https:\/\/eleophotography.com\/index.php\/wp-json\/wp\/v2\/pages\/1317\/revisions\/1525"}],"up":[{"embeddable":true,"href":"https:\/\/eleophotography.com\/index.php\/wp-json\/wp\/v2\/pages\/1439"}],"wp:attachment":[{"href":"https:\/\/eleophotography.com\/index.php\/wp-json\/wp\/v2\/media?parent=1317"}],"curies":[{"name":"wp","href":"https:\/\/api.w.org\/{rel}","templated":true}]}}