{"id":1454,"date":"2024-11-18T15:53:01","date_gmt":"2024-11-18T14:53:01","guid":{"rendered":"https:\/\/eleophotography.com\/?page_id=1454"},"modified":"2024-11-18T16:45:34","modified_gmt":"2024-11-18T15:45:34","slug":"alex-butcher-corner","status":"publish","type":"page","link":"https:\/\/eleophotography.com\/index.php\/reportage-photo\/alex-butcher-corner\/","title":{"rendered":"Alex Butcher Corner"},"content":{"rendered":"<div class=\"wpb-content-wrapper\"><p>[vc_row][vc_column][wiso_headings style=\u00a0\u00bbsimple\u00a0\u00bb title=\u00a0\u00bbAlex Butcher Corner\u00a0\u00bb subtitle=\u00a0\u00bbDans ces photos, chaque geste pr\u00e9cis et minutieux illustre la ma\u00eetrise du boucher, l&rsquo;art de travailler des produits nobles avec passion et respect.\u00a0\u00bb][vc_separator][vc_column_text]<\/p>\n<p style=\"text-align: center;\">D\u00e9couvrez une boucherie o\u00f9 la qualit\u00e9 et l\u2019authenticit\u00e9 sont au rendez-vous. Alexis s\u00e9lectionne avec soin des viandes d\u2019exception, issues de producteurs locaux, pour garantir des produits savoureux et respectueux des traditions.<\/p>\n<p>[\/vc_column_text][vc_separator][wiso_button style=\u00a0\u00bba-btn-3&Prime; button=\u00a0\u00bburl:https%3A%2F%2Fwww.alexbutchercorner.fr%2F|title:Alex%20Butcher%20Corner\u00a0\u00bb][\/vc_column][\/vc_row][vc_row][vc_column][vc_column_text][vc_row][vc_column width=\u00a0\u00bb1\/1&Prime;][vc_column_text]<\/p>\n\n\n<div style=\"color:#ddd\" class=\"wp-block-qodeblock-qb-spacer qb-block-spacer qb-divider-solid qb-divider-size-1\"><hr style=\"height:30px\"\/><\/div>\n\n\n\n<div class=\"wp-block-jetpack-tiled-gallery aligncenter is-style-rectangular\"><div class=\"\"><div class=\"tiled-gallery__gallery\"><div class=\"tiled-gallery__row\"><div class=\"tiled-gallery__col\" style=\"flex-basis:69.19893%\"><figure class=\"tiled-gallery__item\"><img decoding=\"async\" alt=\"\" data-height=\"1706\" data-id=\"1460\" data-link=\"http:\/\/nryrzbn.cluster100.hosting.ovh.net\/index.php\/alex-butcher-corner\/alex-butcher-corner-1\/\" data-url=\"http:\/\/nryrzbn.cluster100.hosting.ovh.net\/wp-content\/uploads\/2024\/11\/Alex-Butcher-Corner-1-1024x683.jpg\" data-width=\"2560\" src=\"https:\/\/i0.wp.com\/eleophotography.com\/wp-content\/uploads\/2024\/11\/Alex-Butcher-Corner-1-1024x683.jpg?ssl=1\" data-amp-layout=\"responsive\" tabindex=\"0\" role=\"button\" aria-label=\"Ouvrir l\u2019image 1 sur 5 en plein \u00e9cran\"\/><\/figure><\/div><div class=\"tiled-gallery__col\" style=\"flex-basis:30.80107%\"><figure class=\"tiled-gallery__item\"><img decoding=\"async\" alt=\"\" data-height=\"2560\" data-id=\"1462\" data-link=\"http:\/\/nryrzbn.cluster100.hosting.ovh.net\/index.php\/alex-butcher-corner\/alex-butcher-corner-2\/\" data-url=\"http:\/\/nryrzbn.cluster100.hosting.ovh.net\/wp-content\/uploads\/2024\/11\/Alex-Butcher-Corner-2-683x1024.jpg\" data-width=\"1707\" src=\"https:\/\/i0.wp.com\/eleophotography.com\/wp-content\/uploads\/2024\/11\/Alex-Butcher-Corner-2-683x1024.jpg?ssl=1\" data-amp-layout=\"responsive\" tabindex=\"0\" role=\"button\" aria-label=\"Ouvrir l\u2019image 2 sur 5 en plein \u00e9cran\"\/><\/figure><\/div><\/div><div class=\"tiled-gallery__row\"><div class=\"tiled-gallery__col\" style=\"flex-basis:52.88333%\"><figure class=\"tiled-gallery__item\"><img decoding=\"async\" alt=\"\" data-height=\"1707\" data-id=\"1463\" data-link=\"http:\/\/nryrzbn.cluster100.hosting.ovh.net\/index.php\/alex-butcher-corner\/alex-butcher-corner-3\/\" data-url=\"http:\/\/nryrzbn.cluster100.hosting.ovh.net\/wp-content\/uploads\/2024\/11\/Alex-Butcher-Corner-3-1024x683.jpg\" data-width=\"2560\" src=\"https:\/\/i0.wp.com\/eleophotography.com\/wp-content\/uploads\/2024\/11\/Alex-Butcher-Corner-3-1024x683.jpg?ssl=1\" data-amp-layout=\"responsive\" tabindex=\"0\" role=\"button\" aria-label=\"Ouvrir l\u2019image 3 sur 5 en plein \u00e9cran\"\/><\/figure><\/div><div class=\"tiled-gallery__col\" style=\"flex-basis:23.55834%\"><figure class=\"tiled-gallery__item\"><img decoding=\"async\" alt=\"\" data-height=\"2560\" data-id=\"1464\" data-link=\"http:\/\/nryrzbn.cluster100.hosting.ovh.net\/index.php\/alex-butcher-corner\/alex-butcher-corner-4\/\" data-url=\"http:\/\/nryrzbn.cluster100.hosting.ovh.net\/wp-content\/uploads\/2024\/11\/Alex-Butcher-Corner-4-683x1024.jpg\" data-width=\"1707\" src=\"https:\/\/i0.wp.com\/eleophotography.com\/wp-content\/uploads\/2024\/11\/Alex-Butcher-Corner-4-683x1024.jpg?ssl=1\" data-amp-layout=\"responsive\" tabindex=\"0\" role=\"button\" aria-label=\"Ouvrir l\u2019image 4 sur 5 en plein \u00e9cran\"\/><\/figure><\/div><div class=\"tiled-gallery__col\" style=\"flex-basis:23.55834%\"><figure class=\"tiled-gallery__item\"><img decoding=\"async\" alt=\"\" data-height=\"2560\" data-id=\"1465\" data-link=\"http:\/\/nryrzbn.cluster100.hosting.ovh.net\/index.php\/alex-butcher-corner\/alex-butcher-corner-5\/\" data-url=\"http:\/\/nryrzbn.cluster100.hosting.ovh.net\/wp-content\/uploads\/2024\/11\/Alex-Butcher-Corner-5-683x1024.jpg\" data-width=\"1707\" src=\"https:\/\/i0.wp.com\/eleophotography.com\/wp-content\/uploads\/2024\/11\/Alex-Butcher-Corner-5-683x1024.jpg?ssl=1\" data-amp-layout=\"responsive\" tabindex=\"0\" role=\"button\" aria-label=\"Ouvrir l\u2019image 5 sur 5 en plein \u00e9cran\"\/><\/figure><\/div><\/div><\/div><\/div><\/div>\n\n\n\n<div class=\"wp-block-qodeblock-qb-spacer qb-block-spacer qb-divider-solid qb-divider-size-1\" style=\"color: #ddd;\"><hr style=\"height: 30px;\" \/><\/div>\r\n<p>\n\n\n<p>[\/vc_column_text][\/vc_column][\/vc_row]<\/p>\n\n\n<div style=\"color:#ddd\" class=\"wp-block-qodeblock-qb-spacer qb-block-spacer qb-divider-solid qb-divider-size-1\"><hr style=\"height:30px\"\/><\/div>\n<\/div>","protected":false},"excerpt":{"rendered":"<p>[vc_row][vc_column][wiso_headings style=\u00a0\u00bbsimple\u00a0\u00bb title=\u00a0\u00bbAlex Butcher Corner\u00a0\u00bb subtitle=\u00a0\u00bbDans ces photos, chaque geste pr\u00e9cis et minutieux illustre la ma\u00eetrise du boucher, l&rsquo;art de travailler des produits nobles avec passion et respect.\u00a0\u00bb][vc_separator][vc_column_text] D\u00e9couvrez une boucherie o\u00f9 la qualit\u00e9 et l\u2019authenticit\u00e9 sont au rendez-vous. Alexis s\u00e9lectionne avec soin des viandes d\u2019exception, issues de producteurs locaux, pour garantir des produits savoureux &#8230;<\/p>\n","protected":false},"author":1,"featured_media":0,"parent":1439,"menu_order":0,"comment_status":"closed","ping_status":"closed","template":"","meta":{"_seopress_robots_primary_cat":"","_seopress_titles_title":"","_seopress_titles_desc":"","_seopress_robots_index":"","footnotes":""},"class_list":["post-1454","page","type-page","status-publish","hentry"],"featured_image_src":"","featured_image_src_square":"","_links":{"self":[{"href":"https:\/\/eleophotography.com\/index.php\/wp-json\/wp\/v2\/pages\/1454","targetHints":{"allow":["GET"]}}],"collection":[{"href":"https:\/\/eleophotography.com\/index.php\/wp-json\/wp\/v2\/pages"}],"about":[{"href":"https:\/\/eleophotography.com\/index.php\/wp-json\/wp\/v2\/types\/page"}],"author":[{"embeddable":true,"href":"https:\/\/eleophotography.com\/index.php\/wp-json\/wp\/v2\/users\/1"}],"replies":[{"embeddable":true,"href":"https:\/\/eleophotography.com\/index.php\/wp-json\/wp\/v2\/comments?post=1454"}],"version-history":[{"count":34,"href":"https:\/\/eleophotography.com\/index.php\/wp-json\/wp\/v2\/pages\/1454\/revisions"}],"predecessor-version":[{"id":1508,"href":"https:\/\/eleophotography.com\/index.php\/wp-json\/wp\/v2\/pages\/1454\/revisions\/1508"}],"up":[{"embeddable":true,"href":"https:\/\/eleophotography.com\/index.php\/wp-json\/wp\/v2\/pages\/1439"}],"wp:attachment":[{"href":"https:\/\/eleophotography.com\/index.php\/wp-json\/wp\/v2\/media?parent=1454"}],"curies":[{"name":"wp","href":"https:\/\/api.w.org\/{rel}","templated":true}]}}