{"id":436,"date":"2023-11-26T11:15:03","date_gmt":"2023-11-26T10:15:03","guid":{"rendered":"https:\/\/eleophotography.com\/?page_id=436"},"modified":"2025-12-06T11:26:54","modified_gmt":"2025-12-06T10:26:54","slug":"galerie","status":"publish","type":"page","link":"https:\/\/eleophotography.com\/index.php\/galerie\/","title":{"rendered":"Galerie"},"content":{"rendered":"\n<div class=\"wp-block-group alignwide gallery-wrapper\"><div class=\"wp-block-group__inner-container is-layout-flow wp-block-group-is-layout-flow\">\n<h1 class=\"wp-block-heading has-text-align-center\">Galerie<\/h1>\n\n\n\n<p class=\"has-text-align-center gallery-intro\">Explorations visuelles \u2014 flou, atmosph\u00e8res et g\u00e9om\u00e9trie urbaine.<\/p>\n\n\n\n<hr\/>\n\n\n\n<div class=\"wp-block-columns gallery-series-grid is-layout-flex wp-container-core-columns-is-layout-9d6595d7 wp-block-columns-is-layout-flex\">\n<div class=\"wp-block-column is-layout-flow wp-block-column-is-layout-flow\">\n<div class=\"wp-block-group series-tile\"><div class=\"wp-block-group__inner-container is-layout-flow wp-block-group-is-layout-flow\">\n<figure class=\"wp-block-image size-large\"><a href=\"https:\/\/eleophotography.com\/index.php\/lart-du-flou\/\"><img decoding=\"async\" src=\"https:\/\/eleophotography.com\/wp-content\/uploads\/2023\/12\/Trocadero-2-scaled.jpg\" alt=\"Photographie artistique en flou cin\u00e9matique \u2014 Eleo Photography\"\/><\/a><\/figure>\n\n\n\n<h3 class=\"wp-block-heading has-text-align-center\"><a href=\"https:\/\/eleophotography.com\/index.php\/lart-du-flou\/\">L\u2019art du flou<\/a><\/h3>\n<\/div><\/div>\n<\/div>\n\n\n\n<div class=\"wp-block-column is-layout-flow wp-block-column-is-layout-flow\">\n<div class=\"wp-block-group series-tile\"><div class=\"wp-block-group__inner-container is-layout-flow wp-block-group-is-layout-flow\">\n<figure class=\"wp-block-image size-large\"><a href=\"https:\/\/eleophotography.com\/index.php\/serie-photographique\/atmosphere-brumeuse\/\"><img decoding=\"async\" src=\"https:\/\/eleophotography.com\/wp-content\/uploads\/2024\/02\/Dans-la-brume-3-scaled.jpg\" alt=\"Sc\u00e8nes brumeuses et atmosph\u00e8res po\u00e9tiques \u2014 Eleo Photography\"\/><\/a><\/figure>\n\n\n\n<h3 class=\"wp-block-heading has-text-align-center\"><a href=\"https:\/\/eleophotography.com\/index.php\/serie-photographique\/atmosphere-brumeuse\/\">Atmosph\u00e8re brumeuse<\/a><\/h3>\n<\/div><\/div>\n<\/div>\n\n\n\n<div class=\"wp-block-column is-layout-flow wp-block-column-is-layout-flow\">\n<div class=\"wp-block-group series-tile\"><div class=\"wp-block-group__inner-container is-layout-flow wp-block-group-is-layout-flow\">\n<figure class=\"wp-block-image size-large\"><a href=\"https:\/\/eleophotography.com\/index.php\/architecture-lignes\/\"><img decoding=\"async\" src=\"https:\/\/eleophotography.com\/wp-content\/uploads\/2023\/09\/La-jeune-femme-au-pull-rouge-1-scaled.jpg\" alt=\"Graphisme urbain et lignes architecturales minimalistes \u2014 Eleo Photography\"\/><\/a><\/figure>\n\n\n\n<h3 class=\"wp-block-heading has-text-align-center\"><a href=\"https:\/\/eleophotography.com\/index.php\/graphisme-urbain\/\" data-type=\"page\" data-id=\"235\">Graphisme urbain<\/a><\/h3>\n<\/div><\/div>\n<\/div>\n<\/div>\n\n\n\n<hr\/>\n\n\n\n<p class=\"has-text-align-center gallery-footer-note\">D\u00e9couvrez chaque s\u00e9rie pour explorer une narration visuelle compl\u00e8te.<\/p>\n<\/div><\/div>\n","protected":false},"excerpt":{"rendered":"<p>Galerie Explorations visuelles \u2014 flou, atmosph\u00e8res et g\u00e9om\u00e9trie urbaine. L\u2019art du flou Atmosph\u00e8re brumeuse Graphisme urbain D\u00e9couvrez chaque s\u00e9rie pour explorer une narration visuelle compl\u00e8te.<\/p>\n","protected":false},"author":1,"featured_media":0,"parent":0,"menu_order":0,"comment_status":"closed","ping_status":"closed","template":"","meta":{"_seopress_robots_primary_cat":"","_seopress_titles_title":"","_seopress_titles_desc":"","_seopress_robots_index":"","footnotes":""},"class_list":["post-436","page","type-page","status-publish","hentry"],"featured_image_src":"","featured_image_src_square":"","_links":{"self":[{"href":"https:\/\/eleophotography.com\/index.php\/wp-json\/wp\/v2\/pages\/436","targetHints":{"allow":["GET"]}}],"collection":[{"href":"https:\/\/eleophotography.com\/index.php\/wp-json\/wp\/v2\/pages"}],"about":[{"href":"https:\/\/eleophotography.com\/index.php\/wp-json\/wp\/v2\/types\/page"}],"author":[{"embeddable":true,"href":"https:\/\/eleophotography.com\/index.php\/wp-json\/wp\/v2\/users\/1"}],"replies":[{"embeddable":true,"href":"https:\/\/eleophotography.com\/index.php\/wp-json\/wp\/v2\/comments?post=436"}],"version-history":[{"count":37,"href":"https:\/\/eleophotography.com\/index.php\/wp-json\/wp\/v2\/pages\/436\/revisions"}],"predecessor-version":[{"id":1883,"href":"https:\/\/eleophotography.com\/index.php\/wp-json\/wp\/v2\/pages\/436\/revisions\/1883"}],"wp:attachment":[{"href":"https:\/\/eleophotography.com\/index.php\/wp-json\/wp\/v2\/media?parent=436"}],"curies":[{"name":"wp","href":"https:\/\/api.w.org\/{rel}","templated":true}]}}