{"id":522,"date":"2023-11-29T19:16:35","date_gmt":"2023-11-29T18:16:35","guid":{"rendered":"https:\/\/eleophotography.com\/?page_id=522"},"modified":"2025-11-27T11:06:56","modified_gmt":"2025-11-27T10:06:56","slug":"accueil","status":"publish","type":"page","link":"https:\/\/eleophotography.com\/","title":{"rendered":"Accueil"},"content":{"rendered":"<div class=\"wpb-content-wrapper\">\r\n<div class=\"wp-block-group alignfull hero-full\" style=\"padding-top: 0px; padding-bottom: 0px;\"><div class=\"wp-block-group__inner-container is-layout-flow wp-block-group-is-layout-flow\">\r\n<div class=\"wp-block-cover has-custom-content-position is-position-bottom-center alignfull\"><img loading=\"lazy\" decoding=\"async\" width=\"1024\" height=\"577\" class=\"wp-block-cover__image-background wp-image-1701 size-large\" src=\"https:\/\/eleophotography.com\/wp-content\/uploads\/2025\/11\/A7406994-scaled-e1763897965100-1024x577.jpg\" alt=\"\" data-object-fit=\"cover\" srcset=\"https:\/\/eleophotography.com\/wp-content\/uploads\/2025\/11\/A7406994-scaled-e1763897965100-1024x577.jpg 1024w, https:\/\/eleophotography.com\/wp-content\/uploads\/2025\/11\/A7406994-scaled-e1763897965100-300x169.jpg 300w, https:\/\/eleophotography.com\/wp-content\/uploads\/2025\/11\/A7406994-scaled-e1763897965100-768x433.jpg 768w, https:\/\/eleophotography.com\/wp-content\/uploads\/2025\/11\/A7406994-scaled-e1763897965100-1536x865.jpg 1536w, https:\/\/eleophotography.com\/wp-content\/uploads\/2025\/11\/A7406994-scaled-e1763897965100-2048x1154.jpg 2048w, https:\/\/eleophotography.com\/wp-content\/uploads\/2025\/11\/A7406994-scaled-e1763897965100-500x282.jpg 500w\" sizes=\"auto, (max-width: 1024px) 100vw, 1024px\" \/>\r\n<div class=\"wp-block-cover__inner-container is-layout-flow wp-block-cover-is-layout-flow\">\r\n<h1 class=\"wp-block-heading hero-title\">S\u00e9ries photographiques &#8211; Minimaliste &amp; Cin\u00e9matique<\/h1>\r\n\r\n\r\n\r\n<p class=\"hero-sub\">Explorations visuelles du paysage urbain<\/p>\r\n<\/div>\r\n<\/div>\r\n<\/div><\/div>\r\n\r\n<p>[vc_row full_width=\u00a0\u00bbstretch_row_content_no_spaces\u00a0\u00bb desctop_mt=\u00a0\u00bbmargin-lg-10t\u00a0\u00bb desctop_mb=\u00a0\u00bbmargin-lg-90b\u00a0\u00bb tablets_mt=\u00a0\u00bbmargin-sm-0t\u00a0\u00bb tablets_mb=\u00a0\u00bbmargin-sm-70b\u00a0\u00bb mobile_mb=\u00a0\u00bbmargin-xs-50b\u00a0\u00bb][vc_column] [wiso_headings style=\u00a0\u00bbtext_button\u00a0\u00bb subtitle=\u00a0\u00bbCe qui est important, c&rsquo;est de voir.<br \/>D&rsquo;appr\u00e9cier le monde qui nous entoure.<br \/>De nous rendre compte de la beaut\u00e9 d&rsquo;une couleur, d&rsquo;une lumi\u00e8re, d&rsquo;une personne ou d&rsquo;un geste dans une sc\u00e8ne pourtant banale de la vie quotidienne.\u00a0\u00bb]<\/p>\r\n\r\n<div class=\"wp-block-group\" style=\"padding-top: 48px; padding-bottom: 48px;\"><div class=\"wp-block-group__inner-container is-layout-flow wp-block-group-is-layout-flow\">\r\n<h2 class=\"wp-block-heading\">Galerie<\/h2>\r\n\r\n\r\n\r\n<div class=\"wp-block-columns project-grid is-layout-flex wp-container-core-columns-is-layout-9d6595d7 wp-block-columns-is-layout-flex\">\r\n<div class=\"wp-block-column is-layout-flow wp-block-column-is-layout-flow\">\r\n<figure class=\"wp-block-image size-large project-thumb\"><a href=\"\/projets\/projet-1\"><img decoding=\"async\" src=\"https:\/\/eleophotography.com\/wp-content\/uploads\/2024\/11\/A7405872-scaled.jpg\" alt=\"Projet 1\" \/><\/a><\/figure>\r\n\r\n\r\n\r\n<h3 class=\"wp-block-heading\"><a href=\"https:\/\/eleophotography.com\/index.php\/lart-du-flou\/\" data-type=\"page\" data-id=\"672\">L&rsquo;art du flou<\/a><\/h3>\r\n\r\n\r\n\r\n<p>L&rsquo;effervescence urbaine<\/p>\r\n<\/div>\r\n\r\n\r\n\r\n<div class=\"wp-block-column is-layout-flow wp-block-column-is-layout-flow\">\r\n<figure class=\"wp-block-image size-large project-thumb\"><a href=\"\/projets\/projet-2\"><img decoding=\"async\" src=\"https:\/\/eleophotography.com\/wp-content\/uploads\/2025\/11\/20251025_142029.jpg\" alt=\"Projet 2\" \/><\/a><\/figure>\r\n\r\n\r\n\r\n<h3 class=\"wp-block-heading\"><a href=\"https:\/\/eleophotography.com\/index.php\/graphisme-urbain\/\" data-type=\"page\" data-id=\"235\">Graphisme urbain<\/a><\/h3>\r\n\r\n\r\n\r\n<p>La mati\u00e8re se fait motif et la structure devient mouvement<\/p>\r\n<\/div>\r\n\r\n\r\n\r\n<div class=\"wp-block-column is-layout-flow wp-block-column-is-layout-flow\">\r\n<figure class=\"wp-block-image size-large project-thumb\"><a href=\"\/projets\/projet-3\"><img decoding=\"async\" src=\"https:\/\/eleophotography.com\/wp-content\/uploads\/2025\/11\/A7406305-Avec-accentuation-Bruit-scaled.jpg\" alt=\"Projet 3\" \/><\/a><\/figure>\r\n\r\n\r\n\r\n<h3 class=\"wp-block-heading\"><a href=\"https:\/\/eleophotography.com\/index.php\/serie-photographique\/atmosphere-brumeuse\/\" data-type=\"page\" data-id=\"767\">Atmosph\u00e8re brumeuse<\/a><\/h3>\r\n\r\n\r\n\r\n<p>Le connu devient insaisissable et l&rsquo;invisible prend vie<\/p>\r\n<\/div>\r\n<\/div>\r\n<\/div><\/div>\r\n\r\n\r\n<hr class=\"wp-block-separator has-css-opacity accent-sep\" \/>\r\n\r\n\r\n<div class=\"wp-block-group\" style=\"padding-top: 48px; padding-bottom: 48px;\"><div class=\"wp-block-group__inner-container is-layout-flow wp-block-group-is-layout-flow\">\r\n<h2 class=\"wp-block-heading\">Reportages Photos<\/h2>\r\n\r\n\r\n\r\n<div class=\"wp-block-columns project-grid is-layout-flex wp-container-core-columns-is-layout-9d6595d7 wp-block-columns-is-layout-flex\">\r\n<div class=\"wp-block-column is-layout-flow wp-block-column-is-layout-flow\">\r\n<figure class=\"wp-block-image size-large project-thumb\"><a href=\"\/projets\/projet-1\"><img decoding=\"async\" src=\"https:\/\/eleophotography.com\/wp-content\/uploads\/2024\/11\/A7406778-scaled.jpg\" alt=\"Projet 1\" \/><\/a><\/figure>\r\n\r\n\r\n\r\n<h3 class=\"wp-block-heading\"><a href=\"https:\/\/eleophotography.com\/index.php\/reportage-photo\/sapeurs-pompiers\/\" data-type=\"page\" data-id=\"672\">Sapeurs-Pompiers<\/a><\/h3>\r\n\r\n\r\n\r\n<p>Au plus pr\u00e8s de l&rsquo;action<\/p>\r\n<\/div>\r\n\r\n\r\n\r\n<div class=\"wp-block-column is-layout-flow wp-block-column-is-layout-flow\">\r\n<figure class=\"wp-block-image size-large project-thumb\"><a href=\"\/projets\/projet-2\"><img decoding=\"async\" src=\"https:\/\/eleophotography.com\/wp-content\/uploads\/2024\/11\/Alex-Butcher-Corner-2-scaled.jpg\" alt=\"Projet 2\" \/><\/a><\/figure>\r\n\r\n\r\n\r\n<h3 class=\"wp-block-heading\"><a href=\"https:\/\/eleophotography.com\/index.php\/reportage-photo\/alex-butcher-corner\/\" data-type=\"page\" data-id=\"235\">Alex Butcher Corner<\/a><\/h3>\r\n\r\n\r\n\r\n<p>L&rsquo;art de travailler des produits nobles<\/p>\r\n<\/div>\r\n\r\n\r\n\r\n<div class=\"wp-block-column is-layout-flow wp-block-column-is-layout-flow\">\r\n<figure class=\"wp-block-image size-large project-thumb\"><a href=\"\/projets\/projet-3\"><img decoding=\"async\" src=\"https:\/\/eleophotography.com\/wp-content\/uploads\/2024\/11\/A7405561-scaled.jpg\" alt=\"Projet 3\" \/><\/a><\/figure>\r\n\r\n\r\n\r\n<h3 class=\"wp-block-heading\"><a href=\"https:\/\/eleophotography.com\/index.php\/seance-photo\/portrait-en-lumiere-naturelle\/\" data-type=\"page\" data-id=\"767\">S\u00e9ance Portrait<\/a><\/h3>\r\n\r\n\r\n\r\n<p>Portrait en lumi\u00e8re naturelle<\/p>\r\n<\/div>\r\n<\/div>\r\n<\/div><\/div>\r\n\r\n\r\n<hr class=\"wp-block-separator has-css-opacity accent-sep\" \/>\r\n\r\n\r\n<div class=\"wp-block-group\" style=\"padding-top: 32px; padding-bottom: 32px;\"><div class=\"wp-block-group__inner-container is-layout-flow wp-block-group-is-layout-flow\">\r\n<div class=\"wp-block-columns is-layout-flex wp-container-core-columns-is-layout-9d6595d7 wp-block-columns-is-layout-flex\">\r\n<div class=\"wp-block-column is-layout-flow wp-block-column-is-layout-flow\" style=\"flex-basis: 60%;\">\r\n<h2 class=\"wp-block-heading\">Bonjour, je suis El\u00e9onore<\/h2>\r\n\r\n\r\n\r\n<p>Photographe explorant les lignes, la lumi\u00e8re et le silence des espaces urbains. Mes clich\u00e9s cherchent une esth\u00e9tique minimaliste, cin\u00e9matographique et contemplative.<\/p>\r\n<\/div>\r\n\r\n\r\n\r\n<div class=\"wp-block-column is-layout-flow wp-block-column-is-layout-flow\" style=\"flex-basis: 40%;\">\r\n<figure class=\"wp-block-image size-medium\"><img decoding=\"async\" src=\"https:\/\/eleophotography.com\/wp-content\/uploads\/2025\/11\/A7407334_DxO-2-scaled.jpg\" alt=\"Portrait\" \/><\/figure>\r\n<\/div>\r\n<\/div>\r\n<\/div><\/div>\r\n\r\n\r\n<hr \/>\r\n\r\n\r\n<div class=\"wp-block-group\" style=\"padding-top: 24px; padding-bottom: 24px;\"><div class=\"wp-block-group__inner-container is-layout-flow wp-block-group-is-layout-flow\">\r\n<p align=\"center\">\u00a9 Eleo Photography \u2014 <a href=\"\/contact\">Contact<\/a> \u2014 <a href=\"https:\/\/instagram.com\">Instagram<\/a><\/p>\r\n<p class=\"has-text-align-center\"><\/p>\r\n<\/div><\/div>\r\n<\/div>","protected":false},"excerpt":{"rendered":"<p>[vc_row full_width=\u00a0\u00bbstretch_row_content_no_spaces\u00a0\u00bb desctop_mt=\u00a0\u00bbmargin-lg-10t\u00a0\u00bb desctop_mb=\u00a0\u00bbmargin-lg-90b\u00a0\u00bb tablets_mt=\u00a0\u00bbmargin-sm-0t\u00a0\u00bb tablets_mb=\u00a0\u00bbmargin-sm-70b\u00a0\u00bb mobile_mb=\u00a0\u00bbmargin-xs-50b\u00a0\u00bb][vc_column] [wiso_headings style=\u00a0\u00bbtext_button\u00a0\u00bb subtitle=\u00a0\u00bbCe qui est important, c&rsquo;est de voir.D&rsquo;appr\u00e9cier le monde qui nous entoure.De nous rendre compte de la beaut\u00e9 d&rsquo;une couleur, d&rsquo;une lumi\u00e8re, d&rsquo;une personne ou d&rsquo;un geste dans une sc\u00e8ne pourtant banale de la vie quotidienne.\u00a0\u00bb] Galerie L&rsquo;art du flou L&rsquo;effervescence urbaine Graphisme urbain La mati\u00e8re &#8230;<\/p>\n","protected":false},"author":1,"featured_media":0,"parent":0,"menu_order":0,"comment_status":"closed","ping_status":"closed","template":"","meta":{"_seopress_robots_primary_cat":"","_seopress_titles_title":"Eleo Photography","_seopress_titles_desc":"","_seopress_robots_index":"","footnotes":""},"class_list":["post-522","page","type-page","status-publish","hentry"],"featured_image_src":"","featured_image_src_square":"","_links":{"self":[{"href":"https:\/\/eleophotography.com\/index.php\/wp-json\/wp\/v2\/pages\/522","targetHints":{"allow":["GET"]}}],"collection":[{"href":"https:\/\/eleophotography.com\/index.php\/wp-json\/wp\/v2\/pages"}],"about":[{"href":"https:\/\/eleophotography.com\/index.php\/wp-json\/wp\/v2\/types\/page"}],"author":[{"embeddable":true,"href":"https:\/\/eleophotography.com\/index.php\/wp-json\/wp\/v2\/users\/1"}],"replies":[{"embeddable":true,"href":"https:\/\/eleophotography.com\/index.php\/wp-json\/wp\/v2\/comments?post=522"}],"version-history":[{"count":88,"href":"https:\/\/eleophotography.com\/index.php\/wp-json\/wp\/v2\/pages\/522\/revisions"}],"predecessor-version":[{"id":1882,"href":"https:\/\/eleophotography.com\/index.php\/wp-json\/wp\/v2\/pages\/522\/revisions\/1882"}],"wp:attachment":[{"href":"https:\/\/eleophotography.com\/index.php\/wp-json\/wp\/v2\/media?parent=522"}],"curies":[{"name":"wp","href":"https:\/\/api.w.org\/{rel}","templated":true}]}}