{"id":640,"date":"2023-12-09T18:30:10","date_gmt":"2023-12-09T17:30:10","guid":{"rendered":"https:\/\/eleophotography.com\/?page_id=640"},"modified":"2024-11-06T16:43:50","modified_gmt":"2024-11-06T15:43:50","slug":"a-propos","status":"publish","type":"page","link":"https:\/\/eleophotography.com\/index.php\/a-propos\/","title":{"rendered":"A Propos"},"content":{"rendered":"<div class=\"wpb-content-wrapper\"><p>[vc_row desctop_lg_pt=\u00a0\u00bbpadding-lg-50t\u00a0\u00bb desctop_lg_pb=\u00a0\u00bbpadding-lg-60b\u00a0\u00bb desctop_pt=\u00a0\u00bbpadding-md-30t\u00a0\u00bb desctop_pb=\u00a0\u00bbpadding-md-40b\u00a0\u00bb mobile_pt=\u00a0\u00bbpadding-xs-10t\u00a0\u00bb][vc_column width=\u00a0\u00bb2\/3&Prime; offset=\u00a0\u00bbvc_col-lg-4 vc_col-md-6 vc_hidden-xs\u00a0\u00bb][\/vc_column][vc_column parallax=\u00a0\u00bbcontent-moving\u00a0\u00bb parallax_image=\u00a0\u00bb314&Prime; width=\u00a0\u00bb1\/3&Prime; offset=\u00a0\u00bbvc_col-lg-8 vc_col-md-6&Prime;][vc_single_image image=\u00a0\u00bb314&Prime; img_size=\u00a0\u00bb400&#215;600&Prime;][wiso_about style=\u00a0\u00bbsimple\u00a0\u00bb title=\u00a0\u00bb\u00ab\u00a0Une photographie, c&rsquo;est un arr\u00eat du c\u0153ur d&rsquo;une fraction de seconde\u00ab\u00a0<br \/>Pierre Moliva\u00a0\u00bb subtitle=\u00a0\u00bbMON HISTOIRE\u00a0\u00bb button=\u00a0\u00bburl:https%3A%2F%2Feleophotography.com%2Findex.php%2Fcontact%2F|title:Contact|target:_blank\u00a0\u00bb]<\/p>\n<p class=\"has-text-align-center has-medium-font-size\" style=\"text-align: left;\">Je m&rsquo;appelle El\u00e9onore, je suis originaire du Sud-Ouest, plus pr\u00e9cis\u00e9ment de Bordeaux.<\/p>\n<p class=\"has-text-align-center has-medium-font-size\" style=\"text-align: left;\">Je suis venue \u00e0 la photographie par hasard, en ao\u00fbt 2020. Apr\u00e8s des mois de confinement suite \u00e0 l&rsquo;arriv\u00e9e de cette pand\u00e9mie, j&rsquo;ai ressenti le besoin de m&rsquo;\u00e9vader, de d\u00e9couvrir ma r\u00e9gion et de profiter de ce que la nature nous offre. Ce fut l&rsquo;\u00e9l\u00e9ment d\u00e9clencheur de cette passion !<\/p>\n<p style=\"text-align: left;\"><!-- \/wp:post-content --><\/p>\n<p><!-- wp:paragraph {\"align\":\"center\",\"fontSize\":\"medium\"} --><\/p>\n<p class=\"has-text-align-center has-medium-font-size\" style=\"text-align: left;\">Autodidacte, j&rsquo;ai commenc\u00e9 par immortaliser ces moments avec mon premier appareil photo. Depuis, mon \u00e9quipement a \u00e9volu\u00e9 et ne me quitte plus. Mes voyages, mes exp\u00e9riences et l&rsquo;envie d&rsquo;apprendre, m&rsquo;ont permis de d\u00e9velopper mon regard artistique.<\/p>\n<p style=\"text-align: left;\"><!-- \/wp:paragraph --><\/p>\n<p><!-- wp:paragraph {\"align\":\"center\",\"fontSize\":\"medium\"} --><\/p>\n<p class=\"has-text-align-center has-medium-font-size\" style=\"text-align: left;\">Sensible et intuitive, la photographie me permet d&rsquo;exprimer mes sentiments de mani\u00e8res cr\u00e9atives.<\/p>\n<p style=\"text-align: left;\"><!-- \/wp:paragraph --><\/p>\n<p><!-- wp:paragraph {\"align\":\"center\",\"fontSize\":\"medium\"} --><\/p>\n<p class=\"has-text-align-center has-medium-font-size\" style=\"text-align: left;\">Bienvenue dans mon univers visuel !<\/p>\n<p>[\/wiso_about][\/vc_column][\/vc_row][vc_row][vc_column][\/vc_column][\/vc_row]<\/p>\n<p><!-- wp:qodeblock\/qb-spacer {\"spacerHeight\":89} --><\/p>\n<div class=\"wp-block-qodeblock-qb-spacer qb-block-spacer qb-divider-solid qb-divider-size-1\" style=\"color: #ddd;\"><hr style=\"height: 89px;\" \/><\/div>\n<p><!-- \/wp:qodeblock\/qb-spacer --><\/p>\n<p><!-- wp:paragraph --><\/p>\n<p><!-- \/wp:paragraph --><\/p>\n<p><!-- wp:buttons {\"layout\":{\"type\":\"flex\",\"justifyContent\":\"center\"}} --><\/p>\n<div class=\"wp-block-buttons\">\u00a0<\/div>\n<p><!-- \/wp:buttons --><\/p>\n<p><!-- wp:paragraph --><\/p>\n<p><!-- \/wp:paragraph --><\/p>\n\n<!-- wp:paragraph -->\n<p><\/p>\n<!-- \/wp:paragraph --><\/div>","protected":false},"excerpt":{"rendered":"<p>[vc_row desctop_lg_pt=\u00a0\u00bbpadding-lg-50t\u00a0\u00bb desctop_lg_pb=\u00a0\u00bbpadding-lg-60b\u00a0\u00bb desctop_pt=\u00a0\u00bbpadding-md-30t\u00a0\u00bb desctop_pb=\u00a0\u00bbpadding-md-40b\u00a0\u00bb mobile_pt=\u00a0\u00bbpadding-xs-10t\u00a0\u00bb][vc_column width=\u00a0\u00bb2\/3&Prime; offset=\u00a0\u00bbvc_col-lg-4 vc_col-md-6 vc_hidden-xs\u00a0\u00bb][\/vc_column][vc_column parallax=\u00a0\u00bbcontent-moving\u00a0\u00bb parallax_image=\u00a0\u00bb314&Prime; width=\u00a0\u00bb1\/3&Prime; offset=\u00a0\u00bbvc_col-lg-8 vc_col-md-6&Prime;][vc_single_image image=\u00a0\u00bb314&Prime; img_size=\u00a0\u00bb400&#215;600&Prime;][wiso_about style=\u00a0\u00bbsimple\u00a0\u00bb title=\u00a0\u00bb\u00ab\u00a0Une photographie, c&rsquo;est un arr\u00eat du c\u0153ur d&rsquo;une fraction de seconde\u00ab\u00a0Pierre Moliva\u00a0\u00bb subtitle=\u00a0\u00bbMON HISTOIRE\u00a0\u00bb button=\u00a0\u00bburl:https%3A%2F%2Feleophotography.com%2Findex.php%2Fcontact%2F|title:Contact|target:_blank\u00a0\u00bb] Je m&rsquo;appelle El\u00e9onore, je suis originaire du Sud-Ouest, plus pr\u00e9cis\u00e9ment de Bordeaux. Je suis venue \u00e0 la photographie par hasard, en ao\u00fbt &#8230;<\/p>\n","protected":false},"author":1,"featured_media":0,"parent":0,"menu_order":0,"comment_status":"closed","ping_status":"closed","template":"","meta":{"_seopress_robots_primary_cat":"","_seopress_titles_title":"","_seopress_titles_desc":"","_seopress_robots_index":"","footnotes":""},"class_list":["post-640","page","type-page","status-publish","hentry"],"featured_image_src":"","featured_image_src_square":"","_links":{"self":[{"href":"https:\/\/eleophotography.com\/index.php\/wp-json\/wp\/v2\/pages\/640","targetHints":{"allow":["GET"]}}],"collection":[{"href":"https:\/\/eleophotography.com\/index.php\/wp-json\/wp\/v2\/pages"}],"about":[{"href":"https:\/\/eleophotography.com\/index.php\/wp-json\/wp\/v2\/types\/page"}],"author":[{"embeddable":true,"href":"https:\/\/eleophotography.com\/index.php\/wp-json\/wp\/v2\/users\/1"}],"replies":[{"embeddable":true,"href":"https:\/\/eleophotography.com\/index.php\/wp-json\/wp\/v2\/comments?post=640"}],"version-history":[{"count":32,"href":"https:\/\/eleophotography.com\/index.php\/wp-json\/wp\/v2\/pages\/640\/revisions"}],"predecessor-version":[{"id":1128,"href":"https:\/\/eleophotography.com\/index.php\/wp-json\/wp\/v2\/pages\/640\/revisions\/1128"}],"wp:attachment":[{"href":"https:\/\/eleophotography.com\/index.php\/wp-json\/wp\/v2\/media?parent=640"}],"curies":[{"name":"wp","href":"https:\/\/api.w.org\/{rel}","templated":true}]}}