{"id":767,"date":"2024-02-03T16:50:51","date_gmt":"2024-02-03T15:50:51","guid":{"rendered":"https:\/\/eleophotography.com\/?page_id=767"},"modified":"2025-11-26T11:27:50","modified_gmt":"2025-11-26T10:27:50","slug":"atmosphere-brumeuse","status":"publish","type":"page","link":"https:\/\/eleophotography.com\/index.php\/serie-photographique\/atmosphere-brumeuse\/","title":{"rendered":"Atmosph\u00e8re brumeuse"},"content":{"rendered":"\n<div class=\"wp-block-cover alignfull\"><img loading=\"lazy\" decoding=\"async\" class=\"wp-block-cover__image-background aligncenter\" src=\"https:\/\/eleophotography.com\/wp-content\/uploads\/2025\/11\/A7406290-Avec-accentuation-Bruit-scaled.jpg\" alt=\"\" width=\"1271\" height=\"848\" data-object-fit=\"cover\" \/>\r\n<div class=\"wp-block-cover__inner-container is-layout-flow wp-block-cover-is-layout-flow\">\n\n<h2 class=\"has-text-align-center has-large-font-size\"><strong>N\u00e9buleux<\/strong><\/h2>\n\n<\/div>\r\n<\/div>\n\n\n<p><!-- TITLE + INTRO --><\/p>\n\n\n<h1 class=\"wp-block-group alignwide\" style=\"padding-top: 40px; padding-bottom: 20px; text-align: center;\">\n\nAtmosph\u00e8re brumeuse<\/h1>\r\n<h5 class=\"wp-block-group alignwide wp-block-heading\" style=\"padding-top: 40px; padding-bottom: 20px; text-align: center;\">\n\n\r\n\r\n\nLe brouillard est toujours \u00e9trangement beau !\n\n<br \/><br \/>\n\n<br \/><br \/>Dans le calme d&rsquo;un matin d&rsquo;hiver, des silhouettes apparaissent \u00e0 travers la brume. Chaque clich\u00e9 r\u00e9v\u00e8le un aspect diff\u00e9rent, o\u00f9 le connu devient insaisissable et l&rsquo;invisible prend vie.<\/h5>\n\n\r\n<p>&nbsp;<\/p>\n\n\n<p><!-- IMAGE GRID --><\/p>\n\n\n<figure class=\"wp-block-gallery columns-1 is-cropped wp-block-gallery-2 is-layout-flex wp-block-gallery-is-layout-flex\">\r\n<figure class=\"wp-block-image\"><img decoding=\"async\" src=\"https:\/\/eleophotography.com\/wp-content\/uploads\/2025\/11\/A7406305-Avec-accentuation-Bruit-scaled.jpg\" alt=\"\" \/><\/figure>\r\n<figure class=\"wp-block-image\"><img decoding=\"async\" src=\"https:\/\/eleophotography.com\/wp-content\/uploads\/2024\/02\/Dans-la-brume-2-scaled.jpg\" alt=\"\" \/><\/figure>\r\n<figure class=\"wp-block-image\"><img decoding=\"async\" src=\"https:\/\/eleophotography.com\/wp-content\/uploads\/2024\/02\/Pont-de-Pierre-sous-la-brume-1-scaled.jpg\" alt=\"\" \/><\/figure>\r\n<figure class=\"wp-block-image\"><img decoding=\"async\" src=\"https:\/\/eleophotography.com\/wp-content\/uploads\/2024\/02\/Dans-la-brume-6-scaled.jpg\" alt=\"\" \/><\/figure>\r\n<\/figure>\n\n\n<p><!-- OUTRO --><\/p>\n\n\n<div class=\"wp-block-group alignwide\" style=\"padding-top:40px;padding-bottom:40px\"><div class=\"wp-block-group__inner-container is-layout-flow wp-block-group-is-layout-flow\">\n<p class=\"has-text-align-center\">S\u00e9rie photographique \u2014 Minimaliste &amp; Cin\u00e9matique<\/p>\n\n\n\n<div class=\"wp-block-buttons is-content-justification-center is-layout-flex wp-container-core-buttons-is-layout-16018d1d wp-block-buttons-is-layout-flex\">\n<div class=\"wp-block-button is-style-outline is-style-outline--3\"><a class=\"wp-block-button__link wp-element-button\" href=\"\/\">Retour \u00e0 l&rsquo;accueil<\/a><\/div>\n<\/div>\n<\/div><\/div>\n\n\n\n<p><\/p>\n","protected":false},"excerpt":{"rendered":"<p>Atmosph\u00e8re brumeuse Le brouillard est toujours \u00e9trangement beau ! Dans le calme d&rsquo;un matin d&rsquo;hiver, des silhouettes apparaissent \u00e0 travers la brume. Chaque clich\u00e9 r\u00e9v\u00e8le un aspect diff\u00e9rent, o\u00f9 le connu devient insaisissable et l&rsquo;invisible prend vie. S\u00e9rie photographique \u2014 Minimaliste &amp; Cin\u00e9matique<\/p>\n","protected":false},"author":1,"featured_media":0,"parent":394,"menu_order":0,"comment_status":"closed","ping_status":"closed","template":"","meta":{"_seopress_robots_primary_cat":"","_seopress_titles_title":"","_seopress_titles_desc":"","_seopress_robots_index":"","footnotes":""},"class_list":["post-767","page","type-page","status-publish","hentry"],"featured_image_src":"","featured_image_src_square":"","_links":{"self":[{"href":"https:\/\/eleophotography.com\/index.php\/wp-json\/wp\/v2\/pages\/767","targetHints":{"allow":["GET"]}}],"collection":[{"href":"https:\/\/eleophotography.com\/index.php\/wp-json\/wp\/v2\/pages"}],"about":[{"href":"https:\/\/eleophotography.com\/index.php\/wp-json\/wp\/v2\/types\/page"}],"author":[{"embeddable":true,"href":"https:\/\/eleophotography.com\/index.php\/wp-json\/wp\/v2\/users\/1"}],"replies":[{"embeddable":true,"href":"https:\/\/eleophotography.com\/index.php\/wp-json\/wp\/v2\/comments?post=767"}],"version-history":[{"count":16,"href":"https:\/\/eleophotography.com\/index.php\/wp-json\/wp\/v2\/pages\/767\/revisions"}],"predecessor-version":[{"id":1865,"href":"https:\/\/eleophotography.com\/index.php\/wp-json\/wp\/v2\/pages\/767\/revisions\/1865"}],"up":[{"embeddable":true,"href":"https:\/\/eleophotography.com\/index.php\/wp-json\/wp\/v2\/pages\/394"}],"wp:attachment":[{"href":"https:\/\/eleophotography.com\/index.php\/wp-json\/wp\/v2\/media?parent=767"}],"curies":[{"name":"wp","href":"https:\/\/api.w.org\/{rel}","templated":true}]}}